{"id":1557,"date":"2025-08-18T12:46:21","date_gmt":"2025-08-18T12:46:21","guid":{"rendered":"https:\/\/rg.printolio.de\/?page_id=1557"},"modified":"2025-09-09T13:06:50","modified_gmt":"2025-09-09T13:06:50","slug":"webinare","status":"publish","type":"page","link":"https:\/\/rg.printolio.de\/index.php\/homepage\/about\/webinare\/","title":{"rendered":"Webinare"},"content":{"rendered":"\n<p>Lorem ipsum dolor sit amet, consetetur sadipscing elitr, sed diam nonumy eirmod tempor invidunt ut labore et dolore magna aliquyam erat, sed diam voluptua. At vero eos et accusam et justo duo dolores et ea rebum. Stet clita kasd gubergren, no sea takimata sanctus est Lorem ipsum dolor sit amet. Lorem ipsum dolor sit amet, consetetur sadipscing elitr, sed diam nonumy eirmod tempor invidunt ut labore et dolore magna aliquyam erat, sed diam voluptua. At vero eos et accusam et justo duo dolores et ea rebum. Stet clita kasd gubergren, no sea takimata sanctus est Lorem ipsum dolor sit amet.<\/p>\n\n\n\n<div class=\"wp-block-group alignfull has-background has-global-padding is-layout-constrained wp-block-group-is-layout-constrained\" style=\"background-color:#eeeeee;margin-top:var(--wp--preset--spacing--50);margin-bottom:0;padding-top:var(--wp--preset--spacing--50);padding-bottom:var(--wp--preset--spacing--50)\">\n<h2 class=\"wp-block-heading caps-normal\"><\/h2>\n\n\n\n<div class=\"wp-block-group has-global-padding is-layout-constrained wp-block-group-is-layout-constrained\" style=\"margin-top:var(--wp--preset--spacing--30);margin-bottom:var(--wp--preset--spacing--30);padding-top:0;padding-bottom:0\">\n<div class=\"wp-block-query is-layout-flow wp-block-query-is-layout-flow\"><ul class=\"columns-3 wp-block-post-template is-layout-grid wp-container-core-post-template-is-layout-10753265 wp-block-post-template-is-layout-grid\"><li class=\"wp-block-post post-1595 post type-post status-publish format-standard has-post-thumbnail hentry category-webinar\">\n<figure style=\"aspect-ratio:16\/9; margin-top:0;margin-bottom:var(--wp--preset--spacing--30);\" class=\"round-corners wp-block-post-featured-image\"><a href=\"https:\/\/rg.printolio.de\/index.php\/2025\/08\/18\/1595\/\" target=\"_self\"  ><img loading=\"lazy\" decoding=\"async\" width=\"1000\" height=\"490\" src=\"https:\/\/rg.printolio.de\/wp-content\/uploads\/2025\/08\/wahl1-1000x490.jpg.webp\" class=\"attachment-post-thumbnail size-post-thumbnail wp-post-image\" alt=\"rheingold Wahlstudie 2025 \u2013 Was Deutschland wirklich bewegt\" style=\"width:100%;height:100%;object-fit:cover;\" srcset=\"https:\/\/rg.printolio.de\/wp-content\/uploads\/2025\/08\/wahl1-1000x490.jpg.webp 1000w, https:\/\/rg.printolio.de\/wp-content\/uploads\/2025\/08\/wahl1-1000x490.jpg-300x147.webp 300w, https:\/\/rg.printolio.de\/wp-content\/uploads\/2025\/08\/wahl1-1000x490.jpg-768x376.webp 768w\" sizes=\"auto, (max-width: 1000px) 100vw, 1000px\" \/><\/a><\/figure>\n\n<h3 style=\"margin-top:var(--wp--preset--spacing--30);margin-bottom:var(--wp--preset--spacing--30);\" class=\"wp-block-post-title\"><a href=\"https:\/\/rg.printolio.de\/index.php\/2025\/08\/18\/1595\/\" target=\"_self\" >rheingold Wahlstudie 2025 \u2013 Was Deutschland wirklich bewegt<\/a><\/h3>\n\n<div style=\"margin-top:var(--wp--preset--spacing--30);margin-bottom:0;\" class=\"wp-block-post-excerpt\"><p class=\"wp-block-post-excerpt__excerpt\">rheingold Wahlstudie 2025 \u2013 Was Deutschland wirklich bewegt Die Konsequenzen einer stotternden Wirtschaft, fehlgesteuerter Migration und br\u00f6ckelnder Infrastruktur dringen zunehmend in den Alltag ein und erzeugen das Gef\u00fchl, in einem&hellip; <\/p><\/div>\n<\/li><li class=\"wp-block-post post-1591 post type-post status-publish format-standard has-post-thumbnail hentry category-webinar\">\n<figure style=\"aspect-ratio:16\/9; margin-top:0;margin-bottom:var(--wp--preset--spacing--30);\" class=\"round-corners wp-block-post-featured-image\"><a href=\"https:\/\/rg.printolio.de\/index.php\/2025\/08\/18\/1591\/\" target=\"_self\"  ><img loading=\"lazy\" decoding=\"async\" width=\"1000\" height=\"490\" src=\"https:\/\/rg.printolio.de\/wp-content\/uploads\/2025\/08\/shutterstock_1687550977-1-1000x490.jpg.webp\" class=\"attachment-post-thumbnail size-post-thumbnail wp-post-image\" alt=\"Best Case Studiosus \u2013 Zur\u00fcck ins Office\" style=\"width:100%;height:100%;object-fit:cover;\" srcset=\"https:\/\/rg.printolio.de\/wp-content\/uploads\/2025\/08\/shutterstock_1687550977-1-1000x490.jpg.webp 1000w, https:\/\/rg.printolio.de\/wp-content\/uploads\/2025\/08\/shutterstock_1687550977-1-1000x490.jpg-300x147.webp 300w, https:\/\/rg.printolio.de\/wp-content\/uploads\/2025\/08\/shutterstock_1687550977-1-1000x490.jpg-768x376.webp 768w\" sizes=\"auto, (max-width: 1000px) 100vw, 1000px\" \/><\/a><\/figure>\n\n<h3 style=\"margin-top:var(--wp--preset--spacing--30);margin-bottom:var(--wp--preset--spacing--30);\" class=\"wp-block-post-title\"><a href=\"https:\/\/rg.printolio.de\/index.php\/2025\/08\/18\/1591\/\" target=\"_self\" >Best Case Studiosus \u2013 Zur\u00fcck ins Office<\/a><\/h3>\n\n<div style=\"margin-top:var(--wp--preset--spacing--30);margin-bottom:0;\" class=\"wp-block-post-excerpt\"><p class=\"wp-block-post-excerpt__excerpt\">Best Case Studiosus \u2013 Zur\u00fcck ins Office Wie k\u00f6nnen Homeoffice-Regeln neu verhandelt, wie kann Teamspirit neu gestaltet werden? Um dieses konfliktreiche Thema noch n\u00e4her an den Mitarbeitenden zu verstehen und&hellip; <\/p><\/div>\n<\/li><li class=\"wp-block-post post-1587 post type-post status-publish format-standard has-post-thumbnail hentry category-webinar\">\n<figure style=\"aspect-ratio:16\/9; margin-top:0;margin-bottom:var(--wp--preset--spacing--30);\" class=\"round-corners wp-block-post-featured-image\"><a href=\"https:\/\/rg.printolio.de\/index.php\/2025\/08\/18\/1587\/\" target=\"_self\"  ><img loading=\"lazy\" decoding=\"async\" width=\"1100\" height=\"490\" src=\"https:\/\/rg.printolio.de\/wp-content\/uploads\/2025\/08\/Die-Psychologie-positiver-Stadt-Entwicklung-1100x490.jpg.webp\" class=\"attachment-post-thumbnail size-post-thumbnail wp-post-image\" alt=\"Die Psychologie positiver Stadt-Entwicklung\" style=\"width:100%;height:100%;object-fit:cover;\" srcset=\"https:\/\/rg.printolio.de\/wp-content\/uploads\/2025\/08\/Die-Psychologie-positiver-Stadt-Entwicklung-1100x490.jpg.webp 1100w, https:\/\/rg.printolio.de\/wp-content\/uploads\/2025\/08\/Die-Psychologie-positiver-Stadt-Entwicklung-1100x490.jpg-300x134.webp 300w, https:\/\/rg.printolio.de\/wp-content\/uploads\/2025\/08\/Die-Psychologie-positiver-Stadt-Entwicklung-1100x490.jpg-1024x456.webp 1024w, https:\/\/rg.printolio.de\/wp-content\/uploads\/2025\/08\/Die-Psychologie-positiver-Stadt-Entwicklung-1100x490.jpg-768x342.webp 768w\" sizes=\"auto, (max-width: 1100px) 100vw, 1100px\" \/><\/a><\/figure>\n\n<h3 style=\"margin-top:var(--wp--preset--spacing--30);margin-bottom:var(--wp--preset--spacing--30);\" class=\"wp-block-post-title\"><a href=\"https:\/\/rg.printolio.de\/index.php\/2025\/08\/18\/1587\/\" target=\"_self\" >Die Psychologie positiver Stadt-Entwicklung<\/a><\/h3>\n\n<div style=\"margin-top:var(--wp--preset--spacing--30);margin-bottom:0;\" class=\"wp-block-post-excerpt\"><p class=\"wp-block-post-excerpt__excerpt\">Die Psychologie positiver Stadt-Entwicklung Stadt-Entwicklung ist mehr als Image und Au\u00dfenwirkung. Eine qualitative rheingold Studie \u00fcber den Stadtteil Altenessen zeigt, wie wichtig es ist, Schattenseiten zu durchleuchten und gleichzeitig das&hellip; <\/p><\/div>\n<\/li><li class=\"wp-block-post post-1583 post type-post status-publish format-standard has-post-thumbnail hentry category-webinar\">\n<figure style=\"aspect-ratio:16\/9; margin-top:0;margin-bottom:var(--wp--preset--spacing--30);\" class=\"round-corners wp-block-post-featured-image\"><a href=\"https:\/\/rg.printolio.de\/index.php\/2025\/08\/18\/1583\/\" target=\"_self\"  ><img loading=\"lazy\" decoding=\"async\" width=\"1100\" height=\"490\" src=\"https:\/\/rg.printolio.de\/wp-content\/uploads\/2025\/08\/shutterstock_2314010459-1100x490-1.webp\" class=\"attachment-post-thumbnail size-post-thumbnail wp-post-image\" alt=\"Deutschland auf der Flucht vor der Wirklichkeit\" style=\"width:100%;height:100%;object-fit:cover;\" srcset=\"https:\/\/rg.printolio.de\/wp-content\/uploads\/2025\/08\/shutterstock_2314010459-1100x490-1.webp 1100w, https:\/\/rg.printolio.de\/wp-content\/uploads\/2025\/08\/shutterstock_2314010459-1100x490-1-300x134.webp 300w, https:\/\/rg.printolio.de\/wp-content\/uploads\/2025\/08\/shutterstock_2314010459-1100x490-1-1024x456.webp 1024w, https:\/\/rg.printolio.de\/wp-content\/uploads\/2025\/08\/shutterstock_2314010459-1100x490-1-768x342.webp 768w\" sizes=\"auto, (max-width: 1100px) 100vw, 1100px\" \/><\/a><\/figure>\n\n<h3 style=\"margin-top:var(--wp--preset--spacing--30);margin-bottom:var(--wp--preset--spacing--30);\" class=\"wp-block-post-title\"><a href=\"https:\/\/rg.printolio.de\/index.php\/2025\/08\/18\/1583\/\" target=\"_self\" >Deutschland auf der Flucht vor der Wirklichkeit<\/a><\/h3>\n\n<div style=\"margin-top:var(--wp--preset--spacing--30);margin-bottom:0;\" class=\"wp-block-post-excerpt\"><p class=\"wp-block-post-excerpt__excerpt\">Deutschland auf der Flucht vor der Wirklichkeit Festgefahren zwischen Klimawandel und Krieg ist ein Gro\u00dfteil der Bev\u00f6lkerung mit Blick auf Politik und Gesellschaft desillusioniert und reagiert auf die gesp\u00fcrte Aussichtslosigkeit&hellip; <\/p><\/div>\n<\/li><li class=\"wp-block-post post-1579 post type-post status-publish format-standard has-post-thumbnail hentry category-webinar\">\n<figure style=\"aspect-ratio:16\/9; margin-top:0;margin-bottom:var(--wp--preset--spacing--30);\" class=\"round-corners wp-block-post-featured-image\"><a href=\"https:\/\/rg.printolio.de\/index.php\/2025\/08\/18\/1579\/\" target=\"_self\"  ><img loading=\"lazy\" decoding=\"async\" width=\"1100\" height=\"490\" src=\"https:\/\/rg.printolio.de\/wp-content\/uploads\/2025\/08\/shutterstock_1693586854-1100x490-1.webp\" class=\"attachment-post-thumbnail size-post-thumbnail wp-post-image\" alt=\"Zuversicht-Studie: Ableitungen f\u00fcr Marketing &#038; Kommunikation\" style=\"width:100%;height:100%;object-fit:cover;\" srcset=\"https:\/\/rg.printolio.de\/wp-content\/uploads\/2025\/08\/shutterstock_1693586854-1100x490-1.webp 1100w, https:\/\/rg.printolio.de\/wp-content\/uploads\/2025\/08\/shutterstock_1693586854-1100x490-1-300x134.webp 300w, https:\/\/rg.printolio.de\/wp-content\/uploads\/2025\/08\/shutterstock_1693586854-1100x490-1-1024x456.webp 1024w, https:\/\/rg.printolio.de\/wp-content\/uploads\/2025\/08\/shutterstock_1693586854-1100x490-1-768x342.webp 768w\" sizes=\"auto, (max-width: 1100px) 100vw, 1100px\" \/><\/a><\/figure>\n\n<h3 style=\"margin-top:var(--wp--preset--spacing--30);margin-bottom:var(--wp--preset--spacing--30);\" class=\"wp-block-post-title\"><a href=\"https:\/\/rg.printolio.de\/index.php\/2025\/08\/18\/1579\/\" target=\"_self\" >Zuversicht-Studie: Ableitungen f\u00fcr Marketing &#038; Kommunikation<\/a><\/h3>\n\n<div style=\"margin-top:var(--wp--preset--spacing--30);margin-bottom:0;\" class=\"wp-block-post-excerpt\"><p class=\"wp-block-post-excerpt__excerpt\">Zuversicht-Studie: Ableitungen f\u00fcr Marketing &amp; Kommunikation Die Deutschen verdr\u00e4ngen globale Krisen, f\u00fchlen sich ohnm\u00e4chtig und ziehen sich gleichzeitig zur\u00fcck in private Zuversichts-Oasen. Was bedeuten diese aktuellen Studien-Insights f\u00fcr das Verhalten&hellip; <\/p><\/div>\n<\/li><li class=\"wp-block-post post-1569 post type-post status-publish format-standard has-post-thumbnail hentry category-webinar\">\n<figure style=\"aspect-ratio:16\/9; margin-top:0;margin-bottom:var(--wp--preset--spacing--30);\" class=\"round-corners wp-block-post-featured-image\"><a href=\"https:\/\/rg.printolio.de\/index.php\/2025\/08\/18\/1569\/\" target=\"_self\"  ><img loading=\"lazy\" decoding=\"async\" width=\"1100\" height=\"490\" src=\"https:\/\/rg.printolio.de\/wp-content\/uploads\/2025\/08\/Waldbestattung-Shutterstock-1100x490-1.webp\" class=\"attachment-post-thumbnail size-post-thumbnail wp-post-image\" alt=\"Waldbestattung: weniger Drama, mehr Demokratie\" style=\"width:100%;height:100%;object-fit:cover;\" srcset=\"https:\/\/rg.printolio.de\/wp-content\/uploads\/2025\/08\/Waldbestattung-Shutterstock-1100x490-1.webp 1100w, https:\/\/rg.printolio.de\/wp-content\/uploads\/2025\/08\/Waldbestattung-Shutterstock-1100x490-1-300x134.webp 300w, https:\/\/rg.printolio.de\/wp-content\/uploads\/2025\/08\/Waldbestattung-Shutterstock-1100x490-1-1024x456.webp 1024w, https:\/\/rg.printolio.de\/wp-content\/uploads\/2025\/08\/Waldbestattung-Shutterstock-1100x490-1-768x342.webp 768w\" sizes=\"auto, (max-width: 1100px) 100vw, 1100px\" \/><\/a><\/figure>\n\n<h3 style=\"margin-top:var(--wp--preset--spacing--30);margin-bottom:var(--wp--preset--spacing--30);\" class=\"wp-block-post-title\"><a href=\"https:\/\/rg.printolio.de\/index.php\/2025\/08\/18\/1569\/\" target=\"_self\" >Waldbestattung: weniger Drama, mehr Demokratie<\/a><\/h3>\n\n<div style=\"margin-top:var(--wp--preset--spacing--30);margin-bottom:0;\" class=\"wp-block-post-excerpt\"><p class=\"wp-block-post-excerpt__excerpt\">Waldbestattung: weniger Drama, mehr Demokratie Welche Sehnsucht verbinden Menschen mit einer Bestattung im Wald? Wollen wir k\u00fcnftig nachhaltig sterben? Wie gelingt es, den Tod ins gesellschaftliche Leben zu integrieren? Mit&hellip; <\/p><\/div>\n<\/li><\/ul><\/div>\n<\/div>\n<\/div>\n\n\n\n<div class=\"wp-block-group alignfull has-accent-6-background-color has-background has-global-padding is-layout-constrained wp-block-group-is-layout-constrained\" style=\"margin-top:0;margin-bottom:0;padding-top:var(--wp--preset--spacing--50);padding-bottom:var(--wp--preset--spacing--50)\">\n<div class=\"wp-block-group has-global-padding is-layout-constrained wp-block-group-is-layout-constrained\">\n<h2 class=\"wp-block-heading caps-normal\">Kein Webinar mehr verpassen<\/h2>\n\n\n\n<div class=\"wp-block-columns is-layout-flex wp-container-core-columns-is-layout-d0b3c9c8 wp-block-columns-is-layout-flex\">\n<div class=\"wp-block-column is-layout-flow wp-block-column-is-layout-flow\" style=\"padding-top:var(--wp--preset--spacing--20);padding-bottom:var(--wp--preset--spacing--20);flex-basis:33.33%\">\n<h4 class=\"wp-block-heading\">Zum Newsletter anmelden und alle Webinar-Ank\u00fcndigungen erhalten.<\/h4>\n\n\n\n<p>Wir informieren Sie \u00fcber Neuigkeiten von rheingold institut und senden Ihnen Webinar-Ank\u00fcndigungen zu.<\/p>\n\n\n\n<h4 class=\"wp-block-heading\">Datenschutz<\/h4>\n\n\n\n<p>Ausf\u00fchrliche Informationen zum Versandverfahren und den Statistiken sowie zu Ihren Widerrufsm\u00f6glichkeiten erhalten Sie in unserer&nbsp;<a href=\"https:\/\/www.rheingold-marktforschung.de\/datenschutz\/\">Datenschutzerkl\u00e4rung<\/a>.<\/p>\n<\/div>\n\n\n\n<div class=\"wp-block-column is-layout-flow wp-block-column-is-layout-flow\" style=\"flex-basis:66.66%\">\n<p class=\"has-base-background-color has-text-color has-background has-link-color wp-elements-81ef388a0283b9c4f8d06491868bc6ee\" style=\"color:#12121263;margin-top:var(--wp--preset--spacing--20);margin-bottom:var(--wp--preset--spacing--20);padding-top:var(--wp--preset--spacing--20);padding-right:var(--wp--preset--spacing--20);padding-bottom:var(--wp--preset--spacing--20);padding-left:var(--wp--preset--spacing--20)\">E-Mail<\/p>\n\n\n\n<p class=\"has-base-background-color has-text-color has-background has-link-color wp-elements-2134e013821fc70574c3d645aa4cca34\" style=\"color:#12121263;margin-top:var(--wp--preset--spacing--20);margin-bottom:var(--wp--preset--spacing--20);padding-top:var(--wp--preset--spacing--20);padding-right:var(--wp--preset--spacing--20);padding-bottom:var(--wp--preset--spacing--20);padding-left:var(--wp--preset--spacing--20)\">Ihre Firma<\/p>\n\n\n\n<p class=\"has-base-background-color has-text-color has-background has-link-color wp-elements-a874ab8a1335bb1e76edfa992646d780\" style=\"color:#12121263;margin-top:var(--wp--preset--spacing--20);margin-bottom:var(--wp--preset--spacing--20);padding-top:var(--wp--preset--spacing--20);padding-right:var(--wp--preset--spacing--20);padding-bottom:var(--wp--preset--spacing--20);padding-left:var(--wp--preset--spacing--20)\">Ihre Funktion\/Position<\/p>\n\n\n\n<p class=\"has-base-background-color has-text-color has-background has-link-color wp-elements-a156e874e162fba5f451773bb2a9759c\" style=\"color:#12121263;margin-top:var(--wp--preset--spacing--20);margin-bottom:var(--wp--preset--spacing--20);padding-top:var(--wp--preset--spacing--20);padding-right:var(--wp--preset--spacing--20);padding-bottom:var(--wp--preset--spacing--20);padding-left:var(--wp--preset--spacing--20)\">Anrede<\/p>\n\n\n\n<p class=\"has-base-background-color has-text-color has-background has-link-color wp-elements-e050039b1cfbcb8aa24d05655a1402f8\" style=\"color:#12121263;margin-top:var(--wp--preset--spacing--20);margin-bottom:var(--wp--preset--spacing--20);padding-top:var(--wp--preset--spacing--20);padding-right:var(--wp--preset--spacing--20);padding-bottom:var(--wp--preset--spacing--20);padding-left:var(--wp--preset--spacing--20)\">Vorname<\/p>\n\n\n\n<p class=\"has-base-background-color has-text-color has-background has-link-color wp-elements-850e6c00a286455b5c65e30edd40c76a\" style=\"color:#12121263;margin-top:var(--wp--preset--spacing--20);margin-bottom:var(--wp--preset--spacing--20);padding-top:var(--wp--preset--spacing--20);padding-right:var(--wp--preset--spacing--20);padding-bottom:var(--wp--preset--spacing--20);padding-left:var(--wp--preset--spacing--20)\">Nachname<\/p>\n\n\n\n<p>\u25cb Ich habe die Bestimmungen des&nbsp;<a href=\"https:\/\/www.rheingold-marktforschung.de\/datenschutz\/\" target=\"_blank\" rel=\"noreferrer noopener\">DSGVO Datenschutz<\/a>&nbsp;zur Kenntnis genommen und stimme diesen zu.<\/p>\n\n\n\n<div class=\"wp-block-buttons is-content-justification-center is-layout-flex wp-container-core-buttons-is-layout-a89b3969 wp-block-buttons-is-layout-flex\">\n<div class=\"wp-block-button\"><a class=\"wp-block-button__link has-accent-1-background-color has-background wp-element-button\" style=\"border-radius:0px;padding-top:var(--wp--preset--spacing--30);padding-right:var(--wp--preset--spacing--60);padding-bottom:var(--wp--preset--spacing--30);padding-left:var(--wp--preset--spacing--60)\">Zum Newsletter anmelden<\/a><\/div>\n<\/div>\n<\/div>\n<\/div>\n<\/div>\n<\/div>\n","protected":false},"excerpt":{"rendered":"<p>Lorem ipsum dolor sit amet, consetetur sadipscing elitr, sed diam nonumy eirmod tempor invidunt ut labore et dolore magna aliquyam erat, sed diam voluptua. At vero eos et accusam et justo duo dolores et ea rebum. Stet clita kasd gubergren, no sea takimata sanctus est Lorem ipsum dolor sit amet. Lorem ipsum dolor sit amet, [&hellip;]<\/p>\n","protected":false},"author":1,"featured_media":0,"parent":7,"menu_order":45,"comment_status":"closed","ping_status":"closed","template":"","meta":{"footnotes":""},"class_list":["post-1557","page","type-page","status-publish","hentry"],"_links":{"self":[{"href":"https:\/\/rg.printolio.de\/index.php\/wp-json\/wp\/v2\/pages\/1557","targetHints":{"allow":["GET"]}}],"collection":[{"href":"https:\/\/rg.printolio.de\/index.php\/wp-json\/wp\/v2\/pages"}],"about":[{"href":"https:\/\/rg.printolio.de\/index.php\/wp-json\/wp\/v2\/types\/page"}],"author":[{"embeddable":true,"href":"https:\/\/rg.printolio.de\/index.php\/wp-json\/wp\/v2\/users\/1"}],"replies":[{"embeddable":true,"href":"https:\/\/rg.printolio.de\/index.php\/wp-json\/wp\/v2\/comments?post=1557"}],"version-history":[{"count":14,"href":"https:\/\/rg.printolio.de\/index.php\/wp-json\/wp\/v2\/pages\/1557\/revisions"}],"predecessor-version":[{"id":1960,"href":"https:\/\/rg.printolio.de\/index.php\/wp-json\/wp\/v2\/pages\/1557\/revisions\/1960"}],"up":[{"embeddable":true,"href":"https:\/\/rg.printolio.de\/index.php\/wp-json\/wp\/v2\/pages\/7"}],"wp:attachment":[{"href":"https:\/\/rg.printolio.de\/index.php\/wp-json\/wp\/v2\/media?parent=1557"}],"curies":[{"name":"wp","href":"https:\/\/api.w.org\/{rel}","templated":true}]}}