{"id":859,"date":"2025-07-31T10:18:21","date_gmt":"2025-07-31T10:18:21","guid":{"rendered":"https:\/\/rg.printolio.de\/?page_id=859"},"modified":"2025-08-18T09:30:24","modified_gmt":"2025-08-18T09:30:24","slug":"kooperationspartner","status":"publish","type":"page","link":"https:\/\/rg.printolio.de\/index.php\/homepage\/about\/kooperationspartner\/","title":{"rendered":"Kooperationspartner"},"content":{"rendered":"\n<p>Jede Branche, ja jede Marke kann zu einem der Continents of Markets zugerechnet werden, wenn man ihre innere Struktur, ihre geheime Logik und Funktion erkennt. So ist die Mode in erster Linie ein Pers\u00f6nlichkeitsmarkierer, Kosmetik hingegen eine \u201eSituative Stilhilfe\u201c. Am Beispiel von Banken zeigt sich gut, wie diese Verortungen bewusst ausdifferenziert werden k\u00f6nnen, um neues Terrain zu erobern und bestimmte Kundengruppen gezielt anzusprechen. So dienen Sparkassen oder Volksbanken als Schutzm\u00e4chte, die im Umgang mit Kapital eine hohe Sicherheit garantieren. Einen anderen Schwerpunkt setzen die Direktbanken, die mehr auf Expansion setzen und so als Wachstumsf\u00f6rderer agieren. Eine Privatbank wiederum kann sich in der Abgrenzung zu ihren Wettbewerbern auch als Pers\u00f6nlichkeitsmarkierer positionieren.<br><br>Die Continents of Markets sind so die Basis f\u00fcr das psychologische Verst\u00e4ndnis einer Branche sowie der einzelnen Marke und dienen als Grundlage f\u00fcr jede Marketingstrategie.<\/p>\n\n\n\n<div style=\"height:100px\" aria-hidden=\"true\" class=\"wp-block-spacer\"><\/div>\n","protected":false},"excerpt":{"rendered":"<p>Jede Branche, ja jede Marke kann zu einem der Continents of Markets zugerechnet werden, wenn man ihre innere Struktur, ihre geheime Logik und Funktion erkennt. So ist die Mode in erster Linie ein Pers\u00f6nlichkeitsmarkierer, Kosmetik hingegen eine \u201eSituative Stilhilfe\u201c. Am Beispiel von Banken zeigt sich gut, wie diese Verortungen bewusst ausdifferenziert werden k\u00f6nnen, um neues [&hellip;]<\/p>\n","protected":false},"author":1,"featured_media":0,"parent":7,"menu_order":40,"comment_status":"closed","ping_status":"closed","template":"","meta":{"footnotes":""},"class_list":["post-859","page","type-page","status-publish","hentry"],"_links":{"self":[{"href":"https:\/\/rg.printolio.de\/index.php\/wp-json\/wp\/v2\/pages\/859","targetHints":{"allow":["GET"]}}],"collection":[{"href":"https:\/\/rg.printolio.de\/index.php\/wp-json\/wp\/v2\/pages"}],"about":[{"href":"https:\/\/rg.printolio.de\/index.php\/wp-json\/wp\/v2\/types\/page"}],"author":[{"embeddable":true,"href":"https:\/\/rg.printolio.de\/index.php\/wp-json\/wp\/v2\/users\/1"}],"replies":[{"embeddable":true,"href":"https:\/\/rg.printolio.de\/index.php\/wp-json\/wp\/v2\/comments?post=859"}],"version-history":[{"count":5,"href":"https:\/\/rg.printolio.de\/index.php\/wp-json\/wp\/v2\/pages\/859\/revisions"}],"predecessor-version":[{"id":1489,"href":"https:\/\/rg.printolio.de\/index.php\/wp-json\/wp\/v2\/pages\/859\/revisions\/1489"}],"up":[{"embeddable":true,"href":"https:\/\/rg.printolio.de\/index.php\/wp-json\/wp\/v2\/pages\/7"}],"wp:attachment":[{"href":"https:\/\/rg.printolio.de\/index.php\/wp-json\/wp\/v2\/media?parent=859"}],"curies":[{"name":"wp","href":"https:\/\/api.w.org\/{rel}","templated":true}]}}