{"id":88,"date":"2025-07-15T10:48:09","date_gmt":"2025-07-15T10:48:09","guid":{"rendered":"https:\/\/rg.printolio.de\/?page_id=88"},"modified":"2025-09-09T13:04:24","modified_gmt":"2025-09-09T13:04:24","slug":"referenzen","status":"publish","type":"page","link":"https:\/\/rg.printolio.de\/index.php\/homepage\/about\/referenzen\/","title":{"rendered":"Referenzen"},"content":{"rendered":"\n<p>Jede Branche, ja jede Marke kann zu einem der Continents of Markets zugerechnet werden, wenn man ihre innere Struktur, ihre geheime Logik und Funktion erkennt. So ist die Mode in erster Linie ein Pers\u00f6nlichkeitsmarkierer, Kosmetik hingegen eine \u201eSituative Stilhilfe\u201c. Am Beispiel von Banken zeigt sich gut, wie diese Verortungen bewusst ausdifferenziert werden k\u00f6nnen, um neues Terrain zu erobern und bestimmte Kundengruppen gezielt anzusprechen. So dienen Sparkassen oder Volksbanken als Schutzm\u00e4chte, die im Umgang mit Kapital eine hohe Sicherheit garantieren. Einen anderen Schwerpunkt setzen die Direktbanken, die mehr auf Expansion setzen und so als Wachstumsf\u00f6rderer agieren. Eine Privatbank wiederum kann sich in der Abgrenzung zu ihren Wettbewerbern auch als Pers\u00f6nlichkeitsmarkierer positionieren.<br><br>Die Continents of Markets sind so die Basis f\u00fcr das psychologische Verst\u00e4ndnis einer Branche sowie der einzelnen Marke und dienen als Grundlage f\u00fcr jede Marketingstrategie.<\/p>\n\n\n\n<div class=\"wp-block-group alignfull has-global-padding is-layout-constrained wp-block-group-is-layout-constrained\" style=\"margin-top:0;margin-bottom:0;padding-top:var(--wp--preset--spacing--50);padding-bottom:var(--wp--preset--spacing--50)\">\n<div class=\"wp-block-group has-global-padding is-layout-constrained wp-container-core-group-is-layout-f28cb5da wp-block-group-is-layout-constrained\" style=\"margin-top:0;margin-bottom:0;padding-top:0;padding-bottom:0\">\n<div class=\"wp-block-query is-layout-flow wp-block-query-is-layout-flow\"><ul class=\"columns-3 wp-block-post-template is-layout-grid wp-container-core-post-template-is-layout-10753265 wp-block-post-template-is-layout-grid\"><li class=\"wp-block-post post-1045 post type-post status-publish format-standard has-post-thumbnail hentry category-aktuelles category-cases category-solutions\">\n<figure style=\"aspect-ratio:16\/9; margin-top:0;margin-bottom:var(--wp--preset--spacing--30);\" class=\"round-corners wp-block-post-featured-image\"><a href=\"https:\/\/rg.printolio.de\/index.php\/2025\/07\/31\/1045\/\" target=\"_self\"  ><img loading=\"lazy\" decoding=\"async\" width=\"2000\" height=\"1333\" src=\"https:\/\/rg.printolio.de\/wp-content\/uploads\/2025\/07\/shutterstock_1833381685-RGBweb.jpg\" class=\"attachment-post-thumbnail size-post-thumbnail wp-post-image\" alt=\"Nachhaltig erfolgreich mit einer klaren gr\u00fcnen Linie\" style=\"width:100%;height:100%;object-fit:cover;\" srcset=\"https:\/\/rg.printolio.de\/wp-content\/uploads\/2025\/07\/shutterstock_1833381685-RGBweb.jpg 2000w, https:\/\/rg.printolio.de\/wp-content\/uploads\/2025\/07\/shutterstock_1833381685-RGBweb-300x200.jpg 300w, https:\/\/rg.printolio.de\/wp-content\/uploads\/2025\/07\/shutterstock_1833381685-RGBweb-1024x682.jpg 1024w, https:\/\/rg.printolio.de\/wp-content\/uploads\/2025\/07\/shutterstock_1833381685-RGBweb-768x512.jpg 768w, https:\/\/rg.printolio.de\/wp-content\/uploads\/2025\/07\/shutterstock_1833381685-RGBweb-1536x1024.jpg 1536w\" sizes=\"auto, (max-width: 2000px) 100vw, 2000px\" \/><\/a><\/figure>\n\n<h3 style=\"margin-top:var(--wp--preset--spacing--30);margin-bottom:var(--wp--preset--spacing--30);\" class=\"wp-block-post-title\"><a href=\"https:\/\/rg.printolio.de\/index.php\/2025\/07\/31\/1045\/\" target=\"_self\" >Nachhaltig erfolgreich mit einer klaren gr\u00fcnen Linie<\/a><\/h3>\n\n<div style=\"margin-top:var(--wp--preset--spacing--30);margin-bottom:0;\" class=\"wp-block-post-excerpt\"><p class=\"wp-block-post-excerpt__excerpt\">Nachhaltig erfolgreich mit einer klaren gr\u00fcnen Linie Unser neues Angebot: rheingold green Strategy Unternehmen stehen vor der Herausforderung, das Thema Nachhaltigkeit so umzusetzen, dass es zu ihnen passt und eine&hellip; <\/p><\/div>\n<\/li><li class=\"wp-block-post post-622 post type-post status-publish format-standard has-post-thumbnail hentry category-aktuelles category-cases category-solutions\">\n<figure style=\"aspect-ratio:16\/9; margin-top:0;margin-bottom:var(--wp--preset--spacing--30);\" class=\"round-corners wp-block-post-featured-image\"><a href=\"https:\/\/rg.printolio.de\/index.php\/2025\/07\/23\/rheingold-wahlstudie-2025-was-deutschland-wirklich-bewegt\/\" target=\"_self\"  ><img loading=\"lazy\" decoding=\"async\" width=\"2560\" height=\"1707\" src=\"https:\/\/rg.printolio.de\/wp-content\/uploads\/2025\/07\/pexels-iriser-724712-scaled.jpg\" class=\"attachment-post-thumbnail size-post-thumbnail wp-post-image\" alt=\"rheingold Wahlstudie 2025 \u2013 \u201eWas Deutschland wirklich bewegt\u201c\" style=\"width:100%;height:100%;object-fit:cover;\" srcset=\"https:\/\/rg.printolio.de\/wp-content\/uploads\/2025\/07\/pexels-iriser-724712-scaled.jpg 2560w, https:\/\/rg.printolio.de\/wp-content\/uploads\/2025\/07\/pexels-iriser-724712-300x200.jpg 300w, https:\/\/rg.printolio.de\/wp-content\/uploads\/2025\/07\/pexels-iriser-724712-1024x683.jpg 1024w, https:\/\/rg.printolio.de\/wp-content\/uploads\/2025\/07\/pexels-iriser-724712-768x512.jpg 768w, https:\/\/rg.printolio.de\/wp-content\/uploads\/2025\/07\/pexels-iriser-724712-1536x1024.jpg 1536w, https:\/\/rg.printolio.de\/wp-content\/uploads\/2025\/07\/pexels-iriser-724712-2048x1365.jpg 2048w\" sizes=\"auto, (max-width: 2560px) 100vw, 2560px\" \/><\/a><\/figure>\n\n<h3 style=\"margin-top:var(--wp--preset--spacing--30);margin-bottom:var(--wp--preset--spacing--30);\" class=\"wp-block-post-title\"><a href=\"https:\/\/rg.printolio.de\/index.php\/2025\/07\/23\/rheingold-wahlstudie-2025-was-deutschland-wirklich-bewegt\/\" target=\"_self\" >rheingold Wahlstudie 2025 \u2013 \u201eWas Deutschland wirklich bewegt\u201c<\/a><\/h3>\n\n<div style=\"margin-top:var(--wp--preset--spacing--30);margin-bottom:0;\" class=\"wp-block-post-excerpt\"><p class=\"wp-block-post-excerpt__excerpt\">rheingold Wahlstudie 2025 \u2013 \u201eWas Deutschland wirklich bewegt\u201c Lorem ipsum dolor sit amet, consetetur sadipscing elitr, sed diam nonumy eirmod tempor invidunt ut labore et dolore magna aliquyam erat, sed&hellip; <\/p><\/div>\n<\/li><li class=\"wp-block-post post-620 post type-post status-publish format-standard has-post-thumbnail hentry category-solutions\">\n<figure style=\"aspect-ratio:16\/9; margin-top:0;margin-bottom:var(--wp--preset--spacing--30);\" class=\"round-corners wp-block-post-featured-image\"><a href=\"https:\/\/rg.printolio.de\/index.php\/2025\/07\/23\/vorurteile-werden-zunehmend-als-normal-gesehen\/\" target=\"_self\"  ><img loading=\"lazy\" decoding=\"async\" width=\"2560\" height=\"1706\" src=\"https:\/\/rg.printolio.de\/wp-content\/uploads\/2025\/07\/pexels-jimbear-2078809-scaled.jpg\" class=\"attachment-post-thumbnail size-post-thumbnail wp-post-image\" alt=\"Vorurteile werden zunehmend als normal gesehen\" style=\"width:100%;height:100%;object-fit:cover;\" srcset=\"https:\/\/rg.printolio.de\/wp-content\/uploads\/2025\/07\/pexels-jimbear-2078809-scaled.jpg 2560w, https:\/\/rg.printolio.de\/wp-content\/uploads\/2025\/07\/pexels-jimbear-2078809-300x200.jpg 300w, https:\/\/rg.printolio.de\/wp-content\/uploads\/2025\/07\/pexels-jimbear-2078809-1024x683.jpg 1024w, https:\/\/rg.printolio.de\/wp-content\/uploads\/2025\/07\/pexels-jimbear-2078809-768x512.jpg 768w, https:\/\/rg.printolio.de\/wp-content\/uploads\/2025\/07\/pexels-jimbear-2078809-1536x1024.jpg 1536w, https:\/\/rg.printolio.de\/wp-content\/uploads\/2025\/07\/pexels-jimbear-2078809-2048x1365.jpg 2048w\" sizes=\"auto, (max-width: 2560px) 100vw, 2560px\" \/><\/a><\/figure>\n\n<h3 style=\"margin-top:var(--wp--preset--spacing--30);margin-bottom:var(--wp--preset--spacing--30);\" class=\"wp-block-post-title\"><a href=\"https:\/\/rg.printolio.de\/index.php\/2025\/07\/23\/vorurteile-werden-zunehmend-als-normal-gesehen\/\" target=\"_self\" >Vorurteile werden zunehmend als normal gesehen<\/a><\/h3>\n\n<div style=\"margin-top:var(--wp--preset--spacing--30);margin-bottom:0;\" class=\"wp-block-post-excerpt\"><p class=\"wp-block-post-excerpt__excerpt\">Vorurteile werden zunehmend als normal gesehen Lorem ipsum dolor sit amet, consetetur sadipscing elitr, sed diam nonumy eirmod tempor invidunt ut labore et dolore magna aliquyam erat, sed diam voluptua.&hellip; <\/p><\/div>\n<\/li><li class=\"wp-block-post post-618 post type-post status-publish format-standard has-post-thumbnail hentry category-cases category-solutions\">\n<figure style=\"aspect-ratio:16\/9; margin-top:0;margin-bottom:var(--wp--preset--spacing--30);\" class=\"round-corners wp-block-post-featured-image\"><a href=\"https:\/\/rg.printolio.de\/index.php\/2025\/07\/23\/meinungsbildung-im-digitalen-zeitalter\/\" target=\"_self\"  ><img loading=\"lazy\" decoding=\"async\" width=\"2560\" height=\"1707\" src=\"https:\/\/rg.printolio.de\/wp-content\/uploads\/2025\/07\/pexels-michalrobak-29482865-scaled.jpg\" class=\"attachment-post-thumbnail size-post-thumbnail wp-post-image\" alt=\"Meinungsbildung im digitalen Zeitalter\" style=\"width:100%;height:100%;object-fit:cover;\" srcset=\"https:\/\/rg.printolio.de\/wp-content\/uploads\/2025\/07\/pexels-michalrobak-29482865-scaled.jpg 2560w, https:\/\/rg.printolio.de\/wp-content\/uploads\/2025\/07\/pexels-michalrobak-29482865-300x200.jpg 300w, https:\/\/rg.printolio.de\/wp-content\/uploads\/2025\/07\/pexels-michalrobak-29482865-1024x683.jpg 1024w, https:\/\/rg.printolio.de\/wp-content\/uploads\/2025\/07\/pexels-michalrobak-29482865-768x512.jpg 768w, https:\/\/rg.printolio.de\/wp-content\/uploads\/2025\/07\/pexels-michalrobak-29482865-1536x1024.jpg 1536w, https:\/\/rg.printolio.de\/wp-content\/uploads\/2025\/07\/pexels-michalrobak-29482865-2048x1365.jpg 2048w\" sizes=\"auto, (max-width: 2560px) 100vw, 2560px\" \/><\/a><\/figure>\n\n<h3 style=\"margin-top:var(--wp--preset--spacing--30);margin-bottom:var(--wp--preset--spacing--30);\" class=\"wp-block-post-title\"><a href=\"https:\/\/rg.printolio.de\/index.php\/2025\/07\/23\/meinungsbildung-im-digitalen-zeitalter\/\" target=\"_self\" >Meinungsbildung im digitalen Zeitalter<\/a><\/h3>\n\n<div style=\"margin-top:var(--wp--preset--spacing--30);margin-bottom:0;\" class=\"wp-block-post-excerpt\"><p class=\"wp-block-post-excerpt__excerpt\">Meinungsbildung im digitalen Zeitalter Lorem ipsum dolor sit amet, consetetur sadipscing elitr, sed diam nonumy eirmod tempor invidunt ut labore et dolore magna aliquyam erat, sed diam voluptua. At vero&hellip; <\/p><\/div>\n<\/li><li class=\"wp-block-post post-612 post type-post status-publish format-standard has-post-thumbnail hentry category-aktuelles category-cases category-solutions\">\n<figure style=\"aspect-ratio:16\/9; margin-top:0;margin-bottom:var(--wp--preset--spacing--30);\" class=\"round-corners wp-block-post-featured-image\"><a href=\"https:\/\/rg.printolio.de\/index.php\/2025\/07\/23\/wie-sich-krisen-im-einkaufswagen-zeigen\/\" target=\"_self\"  ><img loading=\"lazy\" decoding=\"async\" width=\"2560\" height=\"1774\" src=\"https:\/\/rg.printolio.de\/wp-content\/uploads\/2025\/07\/pexels-eberhardgross-534164-scaled.jpg\" class=\"attachment-post-thumbnail size-post-thumbnail wp-post-image\" alt=\"Wie sich Krisen im Einkaufswagen zeigen\" style=\"width:100%;height:100%;object-fit:cover;\" srcset=\"https:\/\/rg.printolio.de\/wp-content\/uploads\/2025\/07\/pexels-eberhardgross-534164-scaled.jpg 2560w, https:\/\/rg.printolio.de\/wp-content\/uploads\/2025\/07\/pexels-eberhardgross-534164-300x208.jpg 300w, https:\/\/rg.printolio.de\/wp-content\/uploads\/2025\/07\/pexels-eberhardgross-534164-1024x710.jpg 1024w, https:\/\/rg.printolio.de\/wp-content\/uploads\/2025\/07\/pexels-eberhardgross-534164-768x532.jpg 768w, https:\/\/rg.printolio.de\/wp-content\/uploads\/2025\/07\/pexels-eberhardgross-534164-1536x1064.jpg 1536w, https:\/\/rg.printolio.de\/wp-content\/uploads\/2025\/07\/pexels-eberhardgross-534164-2048x1419.jpg 2048w\" sizes=\"auto, (max-width: 2560px) 100vw, 2560px\" \/><\/a><\/figure>\n\n<h3 style=\"margin-top:var(--wp--preset--spacing--30);margin-bottom:var(--wp--preset--spacing--30);\" class=\"wp-block-post-title\"><a href=\"https:\/\/rg.printolio.de\/index.php\/2025\/07\/23\/wie-sich-krisen-im-einkaufswagen-zeigen\/\" target=\"_self\" >Wie sich Krisen im Einkaufswagen zeigen<\/a><\/h3>\n\n<div style=\"margin-top:var(--wp--preset--spacing--30);margin-bottom:0;\" class=\"wp-block-post-excerpt\"><p class=\"wp-block-post-excerpt__excerpt\">Zwischen \u201eSch\u00f6ner Leben\u201c und \u201e\u00dcberleben\u201c \u2013 Wie sich Krisen im Einkaufswagen zeigen Lorem ipsum dolor sit amet, consetetur sadipscing elitr, sed diam nonumy eirmod tempor invidunt ut labore et dolore&hellip; <\/p><\/div>\n<\/li><li class=\"wp-block-post post-604 post type-post status-publish format-standard has-post-thumbnail hentry category-aktuelles category-cases category-solutions\">\n<figure style=\"aspect-ratio:16\/9; margin-top:0;margin-bottom:var(--wp--preset--spacing--30);\" class=\"round-corners wp-block-post-featured-image\"><a href=\"https:\/\/rg.printolio.de\/index.php\/2025\/07\/23\/verbundenheit-in-deutschland-in-der-krise\/\" target=\"_self\"  ><img loading=\"lazy\" decoding=\"async\" width=\"2560\" height=\"1707\" src=\"https:\/\/rg.printolio.de\/wp-content\/uploads\/2025\/07\/pexels-arnaud-vigne-36746332-28055673-scaled.jpg\" class=\"attachment-post-thumbnail size-post-thumbnail wp-post-image\" alt=\"Verbundenheit in Deutschland in der Krise\" style=\"width:100%;height:100%;object-fit:cover;\" srcset=\"https:\/\/rg.printolio.de\/wp-content\/uploads\/2025\/07\/pexels-arnaud-vigne-36746332-28055673-scaled.jpg 2560w, https:\/\/rg.printolio.de\/wp-content\/uploads\/2025\/07\/pexels-arnaud-vigne-36746332-28055673-300x200.jpg 300w, https:\/\/rg.printolio.de\/wp-content\/uploads\/2025\/07\/pexels-arnaud-vigne-36746332-28055673-1024x683.jpg 1024w, https:\/\/rg.printolio.de\/wp-content\/uploads\/2025\/07\/pexels-arnaud-vigne-36746332-28055673-768x512.jpg 768w, https:\/\/rg.printolio.de\/wp-content\/uploads\/2025\/07\/pexels-arnaud-vigne-36746332-28055673-1536x1024.jpg 1536w, https:\/\/rg.printolio.de\/wp-content\/uploads\/2025\/07\/pexels-arnaud-vigne-36746332-28055673-2048x1365.jpg 2048w\" sizes=\"auto, (max-width: 2560px) 100vw, 2560px\" \/><\/a><\/figure>\n\n<h3 style=\"margin-top:var(--wp--preset--spacing--30);margin-bottom:var(--wp--preset--spacing--30);\" class=\"wp-block-post-title\"><a href=\"https:\/\/rg.printolio.de\/index.php\/2025\/07\/23\/verbundenheit-in-deutschland-in-der-krise\/\" target=\"_self\" >Verbundenheit in Deutschland in der Krise<\/a><\/h3>\n\n<div style=\"margin-top:var(--wp--preset--spacing--30);margin-bottom:0;\" class=\"wp-block-post-excerpt\"><p class=\"wp-block-post-excerpt__excerpt\">Angst vor sozialer Entzweiung \u2013 Verbundenheit in Deutschland in der Krise Lorem ipsum dolor sit amet, consetetur sadipscing elitr, sed diam nonumy eirmod tempor invidunt ut labore et dolore magna&hellip; <\/p><\/div>\n<\/li><\/ul><\/div>\n<\/div>\n<\/div>\n","protected":false},"excerpt":{"rendered":"<p>Jede Branche, ja jede Marke kann zu einem der Continents of Markets zugerechnet werden, wenn man ihre innere Struktur, ihre geheime Logik und Funktion erkennt. So ist die Mode in erster Linie ein Pers\u00f6nlichkeitsmarkierer, Kosmetik hingegen eine \u201eSituative Stilhilfe\u201c. Am Beispiel von Banken zeigt sich gut, wie diese Verortungen bewusst ausdifferenziert werden k\u00f6nnen, um neues [&hellip;]<\/p>\n","protected":false},"author":1,"featured_media":0,"parent":7,"menu_order":30,"comment_status":"closed","ping_status":"closed","template":"","meta":{"footnotes":""},"class_list":["post-88","page","type-page","status-publish","hentry"],"_links":{"self":[{"href":"https:\/\/rg.printolio.de\/index.php\/wp-json\/wp\/v2\/pages\/88","targetHints":{"allow":["GET"]}}],"collection":[{"href":"https:\/\/rg.printolio.de\/index.php\/wp-json\/wp\/v2\/pages"}],"about":[{"href":"https:\/\/rg.printolio.de\/index.php\/wp-json\/wp\/v2\/types\/page"}],"author":[{"embeddable":true,"href":"https:\/\/rg.printolio.de\/index.php\/wp-json\/wp\/v2\/users\/1"}],"replies":[{"embeddable":true,"href":"https:\/\/rg.printolio.de\/index.php\/wp-json\/wp\/v2\/comments?post=88"}],"version-history":[{"count":11,"href":"https:\/\/rg.printolio.de\/index.php\/wp-json\/wp\/v2\/pages\/88\/revisions"}],"predecessor-version":[{"id":1954,"href":"https:\/\/rg.printolio.de\/index.php\/wp-json\/wp\/v2\/pages\/88\/revisions\/1954"}],"up":[{"embeddable":true,"href":"https:\/\/rg.printolio.de\/index.php\/wp-json\/wp\/v2\/pages\/7"}],"wp:attachment":[{"href":"https:\/\/rg.printolio.de\/index.php\/wp-json\/wp\/v2\/media?parent=88"}],"curies":[{"name":"wp","href":"https:\/\/api.w.org\/{rel}","templated":true}]}}